{"id":1066,"date":"2026-02-13T10:53:12","date_gmt":"2026-02-13T10:53:12","guid":{"rendered":"https:\/\/www.bohotels.fr\/?page_id=1066"},"modified":"2026-04-10T09:36:20","modified_gmt":"2026-04-10T09:36:20","slug":"the-half-board-pension-2","status":"publish","type":"page","link":"https:\/\/www.bohotels.fr\/en\/our-rooms\/the-half-board-pension-2\/","title":{"rendered":"The Half Board Pension"},"content":{"rendered":"<p style=\"text-align: center\">All-inclusive, with no strings attached!<\/p>\n<p style=\"text-align: center\">At B\u00f4 H\u00f4tels, make your business trips easier with our Overnight Stay package.<br \/>\nA comfortable stay designed with you in mind:<\/p>\n<p style=\"text-align: center\">\ud83c\udf7d\ufe0f A full dinner: a dish from one of our \u2018Vrai et Bon\u2019 or \u2018My Little Warung\u2019 partners, a drink and dessert<br \/>\n\ud83d\udecf\ufe0f A restful night\u2019s stay in a comfortable room<br \/>\n\u2615 Breakfast to get your day off to a good start<\/p>\n<p style=\"text-align: center\">One booking, a seamless experience, everything you need for peace of mind.<\/p>\n","protected":false},"excerpt":{"rendered":"<p>All-inclusive, with no strings attached! At B\u00f4 H\u00f4tels, make your business trips easier with our Overnight Stay package. A comfortable stay designed with you in mind: \ud83c\udf7d\ufe0f A full dinner: a dish from one of our \u2018Vrai et Bon\u2019 or \u2018My Little Warung\u2019 partners, a drink and dessert \ud83d\udecf\ufe0f A restful night\u2019s stay in a [&hellip;]<\/p>\n","protected":false},"author":169,"featured_media":1062,"parent":173,"menu_order":30,"comment_status":"closed","ping_status":"closed","template":"template-single-service.php","meta":{"footnotes":""},"class_list":["post-1066","page","type-page","status-publish","has-post-thumbnail","hentry"],"yoast_head":"<!-- This site is optimized with the Yoast SEO plugin v27.3 - https:\/\/yoast.com\/product\/yoast-seo-wordpress\/ -->\n<title>The Half Board Pension - B\u00f4 H\u00f4tels<\/title>\n<meta name=\"robots\" content=\"index, follow, max-snippet:-1, max-image-preview:large, max-video-preview:-1\" \/>\n<link rel=\"canonical\" href=\"https:\/\/www.bohotels.fr\/en\/our-rooms\/the-half-board-pension-2\/\" \/>\n<meta property=\"og:locale\" content=\"en_US\" \/>\n<meta property=\"og:type\" content=\"article\" \/>\n<meta property=\"og:title\" content=\"The Half Board Pension - B\u00f4 H\u00f4tels\" \/>\n<meta property=\"og:description\" content=\"All-inclusive, with no strings attached! At B\u00f4 H\u00f4tels, make your business trips easier with our Overnight Stay package. A comfortable stay designed with you in mind: \ud83c\udf7d\ufe0f A full dinner: a dish from one of our \u2018Vrai et Bon\u2019 or \u2018My Little Warung\u2019 partners, a drink and dessert \ud83d\udecf\ufe0f A restful night\u2019s stay in a [&hellip;]\" \/>\n<meta property=\"og:url\" content=\"https:\/\/www.bohotels.fr\/en\/our-rooms\/the-half-board-pension-2\/\" \/>\n<meta property=\"og:site_name\" content=\"B\u00f4 H\u00f4tels\" \/>\n<meta property=\"article:modified_time\" content=\"2026-04-10T09:36:20+00:00\" \/>\n<meta property=\"og:image\" content=\"https:\/\/www.bohotels.fr\/wp-content\/uploads\/sites\/139\/2026\/04\/thehalfboard.png\" \/>\n\t<meta property=\"og:image:width\" content=\"1800\" \/>\n\t<meta property=\"og:image:height\" content=\"1200\" \/>\n\t<meta property=\"og:image:type\" content=\"image\/png\" \/>\n<meta name=\"twitter:card\" content=\"summary_large_image\" \/>\n<meta name=\"twitter:label1\" content=\"Est. reading time\" \/>\n\t<meta name=\"twitter:data1\" content=\"1 minute\" \/>\n<script type=\"application\/ld+json\" class=\"yoast-schema-graph\">{\"@context\":\"https:\\\/\\\/schema.org\",\"@graph\":[{\"@type\":\"WebPage\",\"@id\":\"https:\\\/\\\/www.bohotels.fr\\\/en\\\/our-rooms\\\/the-half-board-pension-2\\\/\",\"url\":\"https:\\\/\\\/www.bohotels.fr\\\/en\\\/our-rooms\\\/the-half-board-pension-2\\\/\",\"name\":\"The Half Board Pension - B\u00f4 H\u00f4tels\",\"isPartOf\":{\"@id\":\"https:\\\/\\\/www.bohotels.fr\\\/en\\\/#website\"},\"primaryImageOfPage\":{\"@id\":\"https:\\\/\\\/www.bohotels.fr\\\/en\\\/our-rooms\\\/the-half-board-pension-2\\\/#primaryimage\"},\"image\":{\"@id\":\"https:\\\/\\\/www.bohotels.fr\\\/en\\\/our-rooms\\\/the-half-board-pension-2\\\/#primaryimage\"},\"thumbnailUrl\":\"https:\\\/\\\/www.bohotels.fr\\\/wp-content\\\/uploads\\\/sites\\\/139\\\/2026\\\/04\\\/thehalfboard.png\",\"datePublished\":\"2026-02-13T10:53:12+00:00\",\"dateModified\":\"2026-04-10T09:36:20+00:00\",\"breadcrumb\":{\"@id\":\"https:\\\/\\\/www.bohotels.fr\\\/en\\\/our-rooms\\\/the-half-board-pension-2\\\/#breadcrumb\"},\"inLanguage\":\"en-US\",\"potentialAction\":[{\"@type\":\"ReadAction\",\"target\":[\"https:\\\/\\\/www.bohotels.fr\\\/en\\\/our-rooms\\\/the-half-board-pension-2\\\/\"]}]},{\"@type\":\"ImageObject\",\"inLanguage\":\"en-US\",\"@id\":\"https:\\\/\\\/www.bohotels.fr\\\/en\\\/our-rooms\\\/the-half-board-pension-2\\\/#primaryimage\",\"url\":\"https:\\\/\\\/www.bohotels.fr\\\/wp-content\\\/uploads\\\/sites\\\/139\\\/2026\\\/04\\\/thehalfboard.png\",\"contentUrl\":\"https:\\\/\\\/www.bohotels.fr\\\/wp-content\\\/uploads\\\/sites\\\/139\\\/2026\\\/04\\\/thehalfboard.png\",\"width\":1800,\"height\":1200},{\"@type\":\"BreadcrumbList\",\"@id\":\"https:\\\/\\\/www.bohotels.fr\\\/en\\\/our-rooms\\\/the-half-board-pension-2\\\/#breadcrumb\",\"itemListElement\":[{\"@type\":\"ListItem\",\"position\":1,\"name\":\"Home\",\"item\":\"https:\\\/\\\/www.bohotels.fr\\\/en\\\/\"},{\"@type\":\"ListItem\",\"position\":2,\"name\":\"Our Rooms\",\"item\":\"https:\\\/\\\/www.bohotels.fr\\\/en\\\/our-rooms\\\/\"},{\"@type\":\"ListItem\",\"position\":3,\"name\":\"The Half Board Pension\"}]},{\"@type\":\"WebSite\",\"@id\":\"https:\\\/\\\/www.bohotels.fr\\\/en\\\/#website\",\"url\":\"https:\\\/\\\/www.bohotels.fr\\\/en\\\/\",\"name\":\"B\u00f4 H\u00f4tels\",\"description\":\"\",\"potentialAction\":[{\"@type\":\"SearchAction\",\"target\":{\"@type\":\"EntryPoint\",\"urlTemplate\":\"https:\\\/\\\/www.bohotels.fr\\\/en\\\/?s={search_term_string}\"},\"query-input\":{\"@type\":\"PropertyValueSpecification\",\"valueRequired\":true,\"valueName\":\"search_term_string\"}}],\"inLanguage\":\"en-US\"}]}<\/script>\n<!-- \/ Yoast SEO plugin. -->","yoast_head_json":{"title":"The Half Board Pension - B\u00f4 H\u00f4tels","robots":{"index":"index","follow":"follow","max-snippet":"max-snippet:-1","max-image-preview":"max-image-preview:large","max-video-preview":"max-video-preview:-1"},"canonical":"https:\/\/www.bohotels.fr\/en\/our-rooms\/the-half-board-pension-2\/","og_locale":"en_US","og_type":"article","og_title":"The Half Board Pension - B\u00f4 H\u00f4tels","og_description":"All-inclusive, with no strings attached! At B\u00f4 H\u00f4tels, make your business trips easier with our Overnight Stay package. A comfortable stay designed with you in mind: \ud83c\udf7d\ufe0f A full dinner: a dish from one of our \u2018Vrai et Bon\u2019 or \u2018My Little Warung\u2019 partners, a drink and dessert \ud83d\udecf\ufe0f A restful night\u2019s stay in a [&hellip;]","og_url":"https:\/\/www.bohotels.fr\/en\/our-rooms\/the-half-board-pension-2\/","og_site_name":"B\u00f4 H\u00f4tels","article_modified_time":"2026-04-10T09:36:20+00:00","og_image":[{"width":1800,"height":1200,"url":"https:\/\/www.bohotels.fr\/wp-content\/uploads\/sites\/139\/2026\/04\/thehalfboard.png","type":"image\/png"}],"twitter_card":"summary_large_image","twitter_misc":{"Est. reading time":"1 minute"},"schema":{"@context":"https:\/\/schema.org","@graph":[{"@type":"WebPage","@id":"https:\/\/www.bohotels.fr\/en\/our-rooms\/the-half-board-pension-2\/","url":"https:\/\/www.bohotels.fr\/en\/our-rooms\/the-half-board-pension-2\/","name":"The Half Board Pension - B\u00f4 H\u00f4tels","isPartOf":{"@id":"https:\/\/www.bohotels.fr\/en\/#website"},"primaryImageOfPage":{"@id":"https:\/\/www.bohotels.fr\/en\/our-rooms\/the-half-board-pension-2\/#primaryimage"},"image":{"@id":"https:\/\/www.bohotels.fr\/en\/our-rooms\/the-half-board-pension-2\/#primaryimage"},"thumbnailUrl":"https:\/\/www.bohotels.fr\/wp-content\/uploads\/sites\/139\/2026\/04\/thehalfboard.png","datePublished":"2026-02-13T10:53:12+00:00","dateModified":"2026-04-10T09:36:20+00:00","breadcrumb":{"@id":"https:\/\/www.bohotels.fr\/en\/our-rooms\/the-half-board-pension-2\/#breadcrumb"},"inLanguage":"en-US","potentialAction":[{"@type":"ReadAction","target":["https:\/\/www.bohotels.fr\/en\/our-rooms\/the-half-board-pension-2\/"]}]},{"@type":"ImageObject","inLanguage":"en-US","@id":"https:\/\/www.bohotels.fr\/en\/our-rooms\/the-half-board-pension-2\/#primaryimage","url":"https:\/\/www.bohotels.fr\/wp-content\/uploads\/sites\/139\/2026\/04\/thehalfboard.png","contentUrl":"https:\/\/www.bohotels.fr\/wp-content\/uploads\/sites\/139\/2026\/04\/thehalfboard.png","width":1800,"height":1200},{"@type":"BreadcrumbList","@id":"https:\/\/www.bohotels.fr\/en\/our-rooms\/the-half-board-pension-2\/#breadcrumb","itemListElement":[{"@type":"ListItem","position":1,"name":"Home","item":"https:\/\/www.bohotels.fr\/en\/"},{"@type":"ListItem","position":2,"name":"Our Rooms","item":"https:\/\/www.bohotels.fr\/en\/our-rooms\/"},{"@type":"ListItem","position":3,"name":"The Half Board Pension"}]},{"@type":"WebSite","@id":"https:\/\/www.bohotels.fr\/en\/#website","url":"https:\/\/www.bohotels.fr\/en\/","name":"B\u00f4 H\u00f4tels","description":"","potentialAction":[{"@type":"SearchAction","target":{"@type":"EntryPoint","urlTemplate":"https:\/\/www.bohotels.fr\/en\/?s={search_term_string}"},"query-input":{"@type":"PropertyValueSpecification","valueRequired":true,"valueName":"search_term_string"}}],"inLanguage":"en-US"}]}},"acf":[],"_links":{"self":[{"href":"https:\/\/www.bohotels.fr\/en\/wp-json\/wp\/v2\/pages\/1066","targetHints":{"allow":["GET"]}}],"collection":[{"href":"https:\/\/www.bohotels.fr\/en\/wp-json\/wp\/v2\/pages"}],"about":[{"href":"https:\/\/www.bohotels.fr\/en\/wp-json\/wp\/v2\/types\/page"}],"author":[{"embeddable":true,"href":"https:\/\/www.bohotels.fr\/en\/wp-json\/wp\/v2\/users\/169"}],"replies":[{"embeddable":true,"href":"https:\/\/www.bohotels.fr\/en\/wp-json\/wp\/v2\/comments?post=1066"}],"version-history":[{"count":0,"href":"https:\/\/www.bohotels.fr\/en\/wp-json\/wp\/v2\/pages\/1066\/revisions"}],"up":[{"embeddable":true,"href":"https:\/\/www.bohotels.fr\/en\/wp-json\/wp\/v2\/pages\/173"}],"wp:featuredmedia":[{"embeddable":true,"href":"https:\/\/www.bohotels.fr\/en\/wp-json\/wp\/v2\/media\/1062"}],"wp:attachment":[{"href":"https:\/\/www.bohotels.fr\/en\/wp-json\/wp\/v2\/media?parent=1066"}],"curies":[{"name":"wp","href":"https:\/\/api.w.org\/{rel}","templated":true}]}}