{"id":177,"date":"2024-04-29T14:07:24","date_gmt":"2024-04-29T14:07:24","guid":{"rendered":"https:\/\/bo-hotels.ms2.decms.eu\/our-rooms\/la-bo-confort\/"},"modified":"2024-11-18T15:25:40","modified_gmt":"2024-11-18T15:25:40","slug":"la-bo-confort","status":"publish","type":"page","link":"https:\/\/www.bohotels.fr\/en\/our-rooms\/la-bo-confort\/","title":{"rendered":"La B\u00f4 Confort"},"content":{"rendered":"<p style=\"text-align: center;\"><span data-sheets-root=\"1\">The elegance of the <strong>B\u00f4 Confort<\/strong> will lull you to sleep during your stay at B\u00f4 H\u00f4tels Ambronay. Drop off your suitcases and enjoy the <strong>contemporary features<\/strong> of your room, with its 160cm bed, built-in headboard designed by Ligne Roset, Smart TV and cosy decor. <\/span><\/p>\n<p style=\"text-align: center;\"><span data-sheets-root=\"1\">Enjoy a moment of relaxation in your uncluttered bathroom, complete with Italian shower and Rituals beauty products. The B\u00f4 Confort room is designed for a <strong>maximum of 2 people<\/strong>, and there are also <strong>2 rooms available for people with reduced mobility<\/strong>. Don&#8217;t wait any longer, come and meet us by booking your getaway! <\/span><\/p>\n","protected":false},"excerpt":{"rendered":"<p>The elegance of the B\u00f4 Confort will lull you to sleep during your stay at B\u00f4 H\u00f4tels Ambronay. Drop off your suitcases and enjoy the contemporary features of your room, with its 160cm bed, built-in headboard designed by Ligne Roset, Smart TV and cosy decor. Enjoy a moment of relaxation in your uncluttered bathroom, complete [&hellip;]<\/p>\n","protected":false},"author":27,"featured_media":0,"parent":173,"menu_order":0,"comment_status":"closed","ping_status":"closed","template":"template-single-room.php","meta":{"footnotes":""},"class_list":["post-177","page","type-page","status-publish","hentry"],"yoast_head":"<!-- This site is optimized with the Yoast SEO plugin v27.3 - https:\/\/yoast.com\/product\/yoast-seo-wordpress\/ -->\n<title>B\u00f4 H\u00f4tels - Ambronay<\/title>\n<meta name=\"description\" content=\"An elegant, modern room in an Ambronay hotel\" \/>\n<meta name=\"robots\" content=\"index, follow, max-snippet:-1, max-image-preview:large, max-video-preview:-1\" \/>\n<link rel=\"canonical\" href=\"https:\/\/www.bohotels.fr\/en\/our-rooms\/la-bo-confort\/\" \/>\n<meta property=\"og:locale\" content=\"en_US\" \/>\n<meta property=\"og:type\" content=\"article\" \/>\n<meta property=\"og:title\" content=\"B\u00f4 H\u00f4tels - Ambronay\" \/>\n<meta property=\"og:description\" content=\"An elegant, modern room in an Ambronay hotel\" \/>\n<meta property=\"og:url\" content=\"https:\/\/www.bohotels.fr\/en\/our-rooms\/la-bo-confort\/\" \/>\n<meta property=\"og:site_name\" content=\"B\u00f4 H\u00f4tels\" \/>\n<meta property=\"article:modified_time\" content=\"2024-11-18T15:25:40+00:00\" \/>\n<meta name=\"twitter:card\" content=\"summary_large_image\" \/>\n<meta name=\"twitter:label1\" content=\"Est. reading time\" \/>\n\t<meta name=\"twitter:data1\" content=\"1 minute\" \/>\n<script type=\"application\/ld+json\" class=\"yoast-schema-graph\">{\"@context\":\"https:\\\/\\\/schema.org\",\"@graph\":[{\"@type\":\"WebPage\",\"@id\":\"https:\\\/\\\/www.bohotels.fr\\\/en\\\/our-rooms\\\/la-bo-confort\\\/\",\"url\":\"https:\\\/\\\/www.bohotels.fr\\\/en\\\/our-rooms\\\/la-bo-confort\\\/\",\"name\":\"B\u00f4 H\u00f4tels - Ambronay\",\"isPartOf\":{\"@id\":\"https:\\\/\\\/www.bohotels.fr\\\/en\\\/#website\"},\"datePublished\":\"2024-04-29T14:07:24+00:00\",\"dateModified\":\"2024-11-18T15:25:40+00:00\",\"description\":\"An elegant, modern room in an Ambronay hotel\",\"breadcrumb\":{\"@id\":\"https:\\\/\\\/www.bohotels.fr\\\/en\\\/our-rooms\\\/la-bo-confort\\\/#breadcrumb\"},\"inLanguage\":\"en-US\",\"potentialAction\":[{\"@type\":\"ReadAction\",\"target\":[\"https:\\\/\\\/www.bohotels.fr\\\/en\\\/our-rooms\\\/la-bo-confort\\\/\"]}]},{\"@type\":\"BreadcrumbList\",\"@id\":\"https:\\\/\\\/www.bohotels.fr\\\/en\\\/our-rooms\\\/la-bo-confort\\\/#breadcrumb\",\"itemListElement\":[{\"@type\":\"ListItem\",\"position\":1,\"name\":\"Home\",\"item\":\"https:\\\/\\\/www.bohotels.fr\\\/en\\\/\"},{\"@type\":\"ListItem\",\"position\":2,\"name\":\"Our Rooms\",\"item\":\"https:\\\/\\\/www.bohotels.fr\\\/en\\\/our-rooms\\\/\"},{\"@type\":\"ListItem\",\"position\":3,\"name\":\"La B\u00f4 Confort\"}]},{\"@type\":\"WebSite\",\"@id\":\"https:\\\/\\\/www.bohotels.fr\\\/en\\\/#website\",\"url\":\"https:\\\/\\\/www.bohotels.fr\\\/en\\\/\",\"name\":\"B\u00f4 H\u00f4tels\",\"description\":\"\",\"potentialAction\":[{\"@type\":\"SearchAction\",\"target\":{\"@type\":\"EntryPoint\",\"urlTemplate\":\"https:\\\/\\\/www.bohotels.fr\\\/en\\\/?s={search_term_string}\"},\"query-input\":{\"@type\":\"PropertyValueSpecification\",\"valueRequired\":true,\"valueName\":\"search_term_string\"}}],\"inLanguage\":\"en-US\"}]}<\/script>\n<!-- \/ Yoast SEO plugin. -->","yoast_head_json":{"title":"B\u00f4 H\u00f4tels - Ambronay","description":"An elegant, modern room in an Ambronay hotel","robots":{"index":"index","follow":"follow","max-snippet":"max-snippet:-1","max-image-preview":"max-image-preview:large","max-video-preview":"max-video-preview:-1"},"canonical":"https:\/\/www.bohotels.fr\/en\/our-rooms\/la-bo-confort\/","og_locale":"en_US","og_type":"article","og_title":"B\u00f4 H\u00f4tels - Ambronay","og_description":"An elegant, modern room in an Ambronay hotel","og_url":"https:\/\/www.bohotels.fr\/en\/our-rooms\/la-bo-confort\/","og_site_name":"B\u00f4 H\u00f4tels","article_modified_time":"2024-11-18T15:25:40+00:00","twitter_card":"summary_large_image","twitter_misc":{"Est. reading time":"1 minute"},"schema":{"@context":"https:\/\/schema.org","@graph":[{"@type":"WebPage","@id":"https:\/\/www.bohotels.fr\/en\/our-rooms\/la-bo-confort\/","url":"https:\/\/www.bohotels.fr\/en\/our-rooms\/la-bo-confort\/","name":"B\u00f4 H\u00f4tels - Ambronay","isPartOf":{"@id":"https:\/\/www.bohotels.fr\/en\/#website"},"datePublished":"2024-04-29T14:07:24+00:00","dateModified":"2024-11-18T15:25:40+00:00","description":"An elegant, modern room in an Ambronay hotel","breadcrumb":{"@id":"https:\/\/www.bohotels.fr\/en\/our-rooms\/la-bo-confort\/#breadcrumb"},"inLanguage":"en-US","potentialAction":[{"@type":"ReadAction","target":["https:\/\/www.bohotels.fr\/en\/our-rooms\/la-bo-confort\/"]}]},{"@type":"BreadcrumbList","@id":"https:\/\/www.bohotels.fr\/en\/our-rooms\/la-bo-confort\/#breadcrumb","itemListElement":[{"@type":"ListItem","position":1,"name":"Home","item":"https:\/\/www.bohotels.fr\/en\/"},{"@type":"ListItem","position":2,"name":"Our Rooms","item":"https:\/\/www.bohotels.fr\/en\/our-rooms\/"},{"@type":"ListItem","position":3,"name":"La B\u00f4 Confort"}]},{"@type":"WebSite","@id":"https:\/\/www.bohotels.fr\/en\/#website","url":"https:\/\/www.bohotels.fr\/en\/","name":"B\u00f4 H\u00f4tels","description":"","potentialAction":[{"@type":"SearchAction","target":{"@type":"EntryPoint","urlTemplate":"https:\/\/www.bohotels.fr\/en\/?s={search_term_string}"},"query-input":{"@type":"PropertyValueSpecification","valueRequired":true,"valueName":"search_term_string"}}],"inLanguage":"en-US"}]}},"acf":[],"_links":{"self":[{"href":"https:\/\/www.bohotels.fr\/en\/wp-json\/wp\/v2\/pages\/177","targetHints":{"allow":["GET"]}}],"collection":[{"href":"https:\/\/www.bohotels.fr\/en\/wp-json\/wp\/v2\/pages"}],"about":[{"href":"https:\/\/www.bohotels.fr\/en\/wp-json\/wp\/v2\/types\/page"}],"author":[{"embeddable":true,"href":"https:\/\/www.bohotels.fr\/en\/wp-json\/wp\/v2\/users\/27"}],"replies":[{"embeddable":true,"href":"https:\/\/www.bohotels.fr\/en\/wp-json\/wp\/v2\/comments?post=177"}],"version-history":[{"count":0,"href":"https:\/\/www.bohotels.fr\/en\/wp-json\/wp\/v2\/pages\/177\/revisions"}],"up":[{"embeddable":true,"href":"https:\/\/www.bohotels.fr\/en\/wp-json\/wp\/v2\/pages\/173"}],"wp:attachment":[{"href":"https:\/\/www.bohotels.fr\/en\/wp-json\/wp\/v2\/media?parent=177"}],"curies":[{"name":"wp","href":"https:\/\/api.w.org\/{rel}","templated":true}]}}