{"id":190,"date":"2024-04-30T12:01:58","date_gmt":"2024-04-30T12:01:58","guid":{"rendered":"https:\/\/bo-hotels.ms2.decms.eu\/le-petit-dejeuner\/"},"modified":"2026-03-30T14:52:43","modified_gmt":"2026-03-30T14:52:43","slug":"the-breakfast","status":"publish","type":"page","link":"https:\/\/www.bohotels.fr\/en\/our-concept-and-services\/the-breakfast\/","title":{"rendered":"The Breakfast"},"content":{"rendered":"<p style=\"text-align: center\"><strong>\ud83e\udd50 The Continental Breakfast<\/strong><\/p>\n<p style=\"text-align: center\">Come and enjoy a breakfast showcasing local flavours and expertise. Whether you have a sweet tooth or prefer savoury dishes, there\u2019s something for everyone \u2013 all for your enjoyment.<\/p>\n<p style=\"text-align: center\">From delicious AOP pastries and IGP charcuterie served with Domaine de Bresse and Bleu de Gex cheese, to honey produced just a few kilometres away, organic toppings and a few surprises we have in store for you\u2026<\/p>\n<p style=\"text-align: center\">Enjoying breakfast at B\u00f4 H\u00f4tels Ambronay means starting your day with a touch of luxury and indulgence. Breakfast prices:<\/p>\n<p style=\"text-align: center\">\u2013 Adults: \u20ac15 per person<\/p>\n<p style=\"text-align: center\">\u2013 Under 10s: \u20ac7.50<\/p>\n<p style=\"text-align: center\">\u2013 Under 3s: Free<\/p>\n<p style=\"text-align: center\">\u2014\u2014\u2014\u2014\u2014\u2014\u2014\u2014\u2014\u2014\u2014\u2014\u2014\u2014\u2014\u2014\u2014\u2014\u2014<\/p>\n<p style=\"text-align: center\"><strong>\ud83e\udd50 The Express Breakfast<\/strong><\/p>\n<p style=\"text-align: center\">An express option for \u20ac5 is available! To enjoy here or take away\u2026<\/p>\n<p style=\"text-align: center\">It includes a hot drink, a fruit juice and a pastry.<\/p>\n<p style=\"text-align: center\">A great option for light eaters or guests in a hurry who want to leave with a full stomach.<\/p>\n<p style=\"text-align: center\">\u2014\u2014\u2014\u2014\u2014\u2014\u2014\u2014\u2014\u2014\u2014\u2014\u2014\u2014\u2014\u2014\u2014\u2014\u2014<\/p>\n<p style=\"text-align: center\"><strong>\ud83e\udd50 Sunday Brunch<\/strong><\/p>\n<p style=\"text-align: center\">Every Sunday from 11am to 2pm, come and enjoy our gourmet brunch.<\/p>\n<p style=\"text-align: center\">A generous buffet combining sweet treats and savoury specialities, homemade dishes and local produce.<\/p>\n<p style=\"text-align: center\">Everything you need to turn your Sunday into a real culinary treat!<\/p>\n<p style=\"text-align: center\">\u2013 Adults: \u20ac25 per person<\/p>\n<p style=\"text-align: center\">\u2013 Under 10s: \u20ac15 per child<\/p>\n<p style=\"text-align: center\">\u2014\u2014\u2014\u2014\u2014\u2014\u2014\u2014\u2014\u2014\u2014\u2014\u2014\u2014\u2014\u2014\u2014\u2014\u2014<\/p>\n<p style=\"text-align: center\">The breakfast we are delighted to present to you is certified \u2018Saveurs de l\u2019Ain\u2019!<\/p>\n","protected":false},"excerpt":{"rendered":"<p>\ud83e\udd50 The Continental Breakfast Come and enjoy a breakfast showcasing local flavours and expertise. Whether you have a sweet tooth or prefer savoury dishes, there\u2019s something for everyone \u2013 all for your enjoyment. From delicious AOP pastries and IGP charcuterie served with Domaine de Bresse and Bleu de Gex cheese, to honey produced just a [&hellip;]<\/p>\n","protected":false},"author":27,"featured_media":0,"parent":186,"menu_order":0,"comment_status":"closed","ping_status":"closed","template":"template-single-restaurant.php","meta":{"footnotes":""},"yoast_head":"<!-- This site is optimized with the Yoast SEO plugin v22.3 - https:\/\/yoast.com\/wordpress\/plugins\/seo\/ -->\n<title>B\u00f4 H\u00f4tels Ambronay<\/title>\n<meta name=\"description\" content=\"The Breakfast at the B\u00f4 H\u00f4tel Ambronay\" \/>\n<meta name=\"robots\" content=\"index, follow, max-snippet:-1, max-image-preview:large, max-video-preview:-1\" \/>\n<link rel=\"canonical\" href=\"https:\/\/www.bohotels.fr\/en\/our-concept-and-services\/the-breakfast\/\" \/>\n<meta property=\"og:locale\" content=\"en_US\" \/>\n<meta property=\"og:type\" content=\"article\" \/>\n<meta property=\"og:title\" content=\"B\u00f4 H\u00f4tels Ambronay\" \/>\n<meta property=\"og:description\" content=\"The Breakfast at the B\u00f4 H\u00f4tel Ambronay\" \/>\n<meta property=\"og:url\" content=\"https:\/\/www.bohotels.fr\/en\/our-concept-and-services\/the-breakfast\/\" \/>\n<meta property=\"og:site_name\" content=\"B\u00f4 H\u00f4tels\" \/>\n<meta property=\"article:modified_time\" content=\"2026-03-30T14:52:43+00:00\" \/>\n<meta name=\"twitter:card\" content=\"summary_large_image\" \/>\n<meta name=\"twitter:label1\" content=\"Est. reading time\" \/>\n\t<meta name=\"twitter:data1\" content=\"2 minutes\" \/>\n<script type=\"application\/ld+json\" class=\"yoast-schema-graph\">{\"@context\":\"https:\/\/schema.org\",\"@graph\":[{\"@type\":\"WebPage\",\"@id\":\"https:\/\/www.bohotels.fr\/en\/our-concept-and-services\/the-breakfast\/\",\"url\":\"https:\/\/www.bohotels.fr\/en\/our-concept-and-services\/the-breakfast\/\",\"name\":\"B\u00f4 H\u00f4tels Ambronay\",\"isPartOf\":{\"@id\":\"https:\/\/www.bohotels.fr\/en\/#website\"},\"datePublished\":\"2024-04-30T12:01:58+00:00\",\"dateModified\":\"2026-03-30T14:52:43+00:00\",\"description\":\"The Breakfast at the B\u00f4 H\u00f4tel Ambronay\",\"breadcrumb\":{\"@id\":\"https:\/\/www.bohotels.fr\/en\/our-concept-and-services\/the-breakfast\/#breadcrumb\"},\"inLanguage\":\"en-US\",\"potentialAction\":[{\"@type\":\"ReadAction\",\"target\":[\"https:\/\/www.bohotels.fr\/en\/our-concept-and-services\/the-breakfast\/\"]}]},{\"@type\":\"BreadcrumbList\",\"@id\":\"https:\/\/www.bohotels.fr\/en\/our-concept-and-services\/the-breakfast\/#breadcrumb\",\"itemListElement\":[{\"@type\":\"ListItem\",\"position\":1,\"name\":\"Home\",\"item\":\"https:\/\/www.bohotels.fr\/en\/\"},{\"@type\":\"ListItem\",\"position\":2,\"name\":\"Our concept and services\",\"item\":\"https:\/\/www.bohotels.fr\/en\/our-concept-and-services\/\"},{\"@type\":\"ListItem\",\"position\":3,\"name\":\"The Breakfast\"}]},{\"@type\":\"WebSite\",\"@id\":\"https:\/\/www.bohotels.fr\/en\/#website\",\"url\":\"https:\/\/www.bohotels.fr\/en\/\",\"name\":\"B\u00f4 H\u00f4tels\",\"description\":\"\",\"potentialAction\":[{\"@type\":\"SearchAction\",\"target\":{\"@type\":\"EntryPoint\",\"urlTemplate\":\"https:\/\/www.bohotels.fr\/en\/?s={search_term_string}\"},\"query-input\":\"required name=search_term_string\"}],\"inLanguage\":\"en-US\"}]}<\/script>\n<!-- \/ Yoast SEO plugin. -->","yoast_head_json":{"title":"B\u00f4 H\u00f4tels Ambronay","description":"The Breakfast at the B\u00f4 H\u00f4tel Ambronay","robots":{"index":"index","follow":"follow","max-snippet":"max-snippet:-1","max-image-preview":"max-image-preview:large","max-video-preview":"max-video-preview:-1"},"canonical":"https:\/\/www.bohotels.fr\/en\/our-concept-and-services\/the-breakfast\/","og_locale":"en_US","og_type":"article","og_title":"B\u00f4 H\u00f4tels Ambronay","og_description":"The Breakfast at the B\u00f4 H\u00f4tel Ambronay","og_url":"https:\/\/www.bohotels.fr\/en\/our-concept-and-services\/the-breakfast\/","og_site_name":"B\u00f4 H\u00f4tels","article_modified_time":"2026-03-30T14:52:43+00:00","twitter_card":"summary_large_image","twitter_misc":{"Est. reading time":"2 minutes"},"schema":{"@context":"https:\/\/schema.org","@graph":[{"@type":"WebPage","@id":"https:\/\/www.bohotels.fr\/en\/our-concept-and-services\/the-breakfast\/","url":"https:\/\/www.bohotels.fr\/en\/our-concept-and-services\/the-breakfast\/","name":"B\u00f4 H\u00f4tels Ambronay","isPartOf":{"@id":"https:\/\/www.bohotels.fr\/en\/#website"},"datePublished":"2024-04-30T12:01:58+00:00","dateModified":"2026-03-30T14:52:43+00:00","description":"The Breakfast at the B\u00f4 H\u00f4tel Ambronay","breadcrumb":{"@id":"https:\/\/www.bohotels.fr\/en\/our-concept-and-services\/the-breakfast\/#breadcrumb"},"inLanguage":"en-US","potentialAction":[{"@type":"ReadAction","target":["https:\/\/www.bohotels.fr\/en\/our-concept-and-services\/the-breakfast\/"]}]},{"@type":"BreadcrumbList","@id":"https:\/\/www.bohotels.fr\/en\/our-concept-and-services\/the-breakfast\/#breadcrumb","itemListElement":[{"@type":"ListItem","position":1,"name":"Home","item":"https:\/\/www.bohotels.fr\/en\/"},{"@type":"ListItem","position":2,"name":"Our concept and services","item":"https:\/\/www.bohotels.fr\/en\/our-concept-and-services\/"},{"@type":"ListItem","position":3,"name":"The Breakfast"}]},{"@type":"WebSite","@id":"https:\/\/www.bohotels.fr\/en\/#website","url":"https:\/\/www.bohotels.fr\/en\/","name":"B\u00f4 H\u00f4tels","description":"","potentialAction":[{"@type":"SearchAction","target":{"@type":"EntryPoint","urlTemplate":"https:\/\/www.bohotels.fr\/en\/?s={search_term_string}"},"query-input":"required name=search_term_string"}],"inLanguage":"en-US"}]}},"acf":[],"_links":{"self":[{"href":"https:\/\/www.bohotels.fr\/en\/wp-json\/wp\/v2\/pages\/190"}],"collection":[{"href":"https:\/\/www.bohotels.fr\/en\/wp-json\/wp\/v2\/pages"}],"about":[{"href":"https:\/\/www.bohotels.fr\/en\/wp-json\/wp\/v2\/types\/page"}],"author":[{"embeddable":true,"href":"https:\/\/www.bohotels.fr\/en\/wp-json\/wp\/v2\/users\/27"}],"replies":[{"embeddable":true,"href":"https:\/\/www.bohotels.fr\/en\/wp-json\/wp\/v2\/comments?post=190"}],"version-history":[{"count":0,"href":"https:\/\/www.bohotels.fr\/en\/wp-json\/wp\/v2\/pages\/190\/revisions"}],"up":[{"embeddable":true,"href":"https:\/\/www.bohotels.fr\/en\/wp-json\/wp\/v2\/pages\/186"}],"wp:attachment":[{"href":"https:\/\/www.bohotels.fr\/en\/wp-json\/wp\/v2\/media?parent=190"}],"curies":[{"name":"wp","href":"https:\/\/api.w.org\/{rel}","templated":true}]}}