{"id":197,"date":"2024-04-30T12:13:04","date_gmt":"2024-04-30T12:13:04","guid":{"rendered":"https:\/\/bo-hotels.ms2.decms.eu\/our-concept-and-services\/lespace-fitness\/"},"modified":"2024-11-18T15:37:01","modified_gmt":"2024-11-18T15:37:01","slug":"fitness-area","status":"publish","type":"page","link":"https:\/\/www.bohotels.fr\/en\/our-concept-and-services\/fitness-area\/","title":{"rendered":"Fitness area"},"content":{"rendered":"<div style=\"text-align: center;\"><\/div>\n<div style=\"text-align: center;\"><span data-sheets-root=\"1\">When we created the B\u00f4 H\u00f4tels Ambronay, we wanted our fitness area to be a real asset for you. Designed and equipped for your sports sessions, take advantage of the latest generation equipment<strong> at your disposal &#8211; bike, rowing machine, etc&#8230;<\/strong><\/span><\/div>\n<div><\/div>\n<div style=\"text-align: center;\"><span data-sheets-root=\"1\">At a time when <strong>the well-being of body and mind<\/strong> are central to our personal development, we have decided to create a partnership with a sports coach with whom you can book your personalised sessions directly, adapted to your level and your needs.<\/span><\/div>\n<div><\/div>\n<div style=\"text-align: center;\"><span data-sheets-root=\"1\">Our fitness area offers the same services as a gym: personal<strong> coaching, individual sessions, modern equipment&#8230;<\/strong> In a discretion that is the envy of most gym customers. <\/span><\/div>\n<p style=\"text-align: center;\">\n","protected":false},"excerpt":{"rendered":"<p>When we created the B\u00f4 H\u00f4tels Ambronay, we wanted our fitness area to be a real asset for you. Designed and equipped for your sports sessions, take advantage of the latest generation equipment at your disposal &#8211; bike, rowing machine, etc&#8230; At a time when the well-being of body and mind are central to our [&hellip;]<\/p>\n","protected":false},"author":27,"featured_media":0,"parent":186,"menu_order":0,"comment_status":"closed","ping_status":"closed","template":"template-single-service.php","meta":{"footnotes":""},"class_list":["post-197","page","type-page","status-publish","hentry"],"yoast_head":"<!-- This site is optimized with the Yoast SEO plugin v27.3 - https:\/\/yoast.com\/product\/yoast-seo-wordpress\/ -->\n<title>B\u00f4 H\u00f4tels - Ambronay<\/title>\n<meta name=\"description\" content=\"The B\u00f4 Hotels swimming pool\" \/>\n<meta name=\"robots\" content=\"index, follow, max-snippet:-1, max-image-preview:large, max-video-preview:-1\" \/>\n<link rel=\"canonical\" href=\"https:\/\/www.bohotels.fr\/en\/our-concept-and-services\/fitness-area\/\" \/>\n<meta property=\"og:locale\" content=\"en_US\" \/>\n<meta property=\"og:type\" content=\"article\" \/>\n<meta property=\"og:title\" content=\"B\u00f4 H\u00f4tels - Ambronay\" \/>\n<meta property=\"og:description\" content=\"The B\u00f4 Hotels swimming pool\" \/>\n<meta property=\"og:url\" content=\"https:\/\/www.bohotels.fr\/en\/our-concept-and-services\/fitness-area\/\" \/>\n<meta property=\"og:site_name\" content=\"B\u00f4 H\u00f4tels\" \/>\n<meta property=\"article:modified_time\" content=\"2024-11-18T15:37:01+00:00\" \/>\n<meta name=\"twitter:card\" content=\"summary_large_image\" \/>\n<meta name=\"twitter:label1\" content=\"Est. reading time\" \/>\n\t<meta name=\"twitter:data1\" content=\"1 minute\" \/>\n<script type=\"application\/ld+json\" class=\"yoast-schema-graph\">{\"@context\":\"https:\\\/\\\/schema.org\",\"@graph\":[{\"@type\":\"WebPage\",\"@id\":\"https:\\\/\\\/www.bohotels.fr\\\/en\\\/our-concept-and-services\\\/fitness-area\\\/\",\"url\":\"https:\\\/\\\/www.bohotels.fr\\\/en\\\/our-concept-and-services\\\/fitness-area\\\/\",\"name\":\"B\u00f4 H\u00f4tels - Ambronay\",\"isPartOf\":{\"@id\":\"https:\\\/\\\/www.bohotels.fr\\\/en\\\/#website\"},\"datePublished\":\"2024-04-30T12:13:04+00:00\",\"dateModified\":\"2024-11-18T15:37:01+00:00\",\"description\":\"The B\u00f4 Hotels swimming pool\",\"breadcrumb\":{\"@id\":\"https:\\\/\\\/www.bohotels.fr\\\/en\\\/our-concept-and-services\\\/fitness-area\\\/#breadcrumb\"},\"inLanguage\":\"en-US\",\"potentialAction\":[{\"@type\":\"ReadAction\",\"target\":[\"https:\\\/\\\/www.bohotels.fr\\\/en\\\/our-concept-and-services\\\/fitness-area\\\/\"]}]},{\"@type\":\"BreadcrumbList\",\"@id\":\"https:\\\/\\\/www.bohotels.fr\\\/en\\\/our-concept-and-services\\\/fitness-area\\\/#breadcrumb\",\"itemListElement\":[{\"@type\":\"ListItem\",\"position\":1,\"name\":\"Home\",\"item\":\"https:\\\/\\\/www.bohotels.fr\\\/en\\\/\"},{\"@type\":\"ListItem\",\"position\":2,\"name\":\"Our concept and services\",\"item\":\"https:\\\/\\\/www.bohotels.fr\\\/en\\\/our-concept-and-services\\\/\"},{\"@type\":\"ListItem\",\"position\":3,\"name\":\"Fitness area\"}]},{\"@type\":\"WebSite\",\"@id\":\"https:\\\/\\\/www.bohotels.fr\\\/en\\\/#website\",\"url\":\"https:\\\/\\\/www.bohotels.fr\\\/en\\\/\",\"name\":\"B\u00f4 H\u00f4tels\",\"description\":\"\",\"potentialAction\":[{\"@type\":\"SearchAction\",\"target\":{\"@type\":\"EntryPoint\",\"urlTemplate\":\"https:\\\/\\\/www.bohotels.fr\\\/en\\\/?s={search_term_string}\"},\"query-input\":{\"@type\":\"PropertyValueSpecification\",\"valueRequired\":true,\"valueName\":\"search_term_string\"}}],\"inLanguage\":\"en-US\"}]}<\/script>\n<!-- \/ Yoast SEO plugin. -->","yoast_head_json":{"title":"B\u00f4 H\u00f4tels - Ambronay","description":"The B\u00f4 Hotels swimming pool","robots":{"index":"index","follow":"follow","max-snippet":"max-snippet:-1","max-image-preview":"max-image-preview:large","max-video-preview":"max-video-preview:-1"},"canonical":"https:\/\/www.bohotels.fr\/en\/our-concept-and-services\/fitness-area\/","og_locale":"en_US","og_type":"article","og_title":"B\u00f4 H\u00f4tels - Ambronay","og_description":"The B\u00f4 Hotels swimming pool","og_url":"https:\/\/www.bohotels.fr\/en\/our-concept-and-services\/fitness-area\/","og_site_name":"B\u00f4 H\u00f4tels","article_modified_time":"2024-11-18T15:37:01+00:00","twitter_card":"summary_large_image","twitter_misc":{"Est. reading time":"1 minute"},"schema":{"@context":"https:\/\/schema.org","@graph":[{"@type":"WebPage","@id":"https:\/\/www.bohotels.fr\/en\/our-concept-and-services\/fitness-area\/","url":"https:\/\/www.bohotels.fr\/en\/our-concept-and-services\/fitness-area\/","name":"B\u00f4 H\u00f4tels - Ambronay","isPartOf":{"@id":"https:\/\/www.bohotels.fr\/en\/#website"},"datePublished":"2024-04-30T12:13:04+00:00","dateModified":"2024-11-18T15:37:01+00:00","description":"The B\u00f4 Hotels swimming pool","breadcrumb":{"@id":"https:\/\/www.bohotels.fr\/en\/our-concept-and-services\/fitness-area\/#breadcrumb"},"inLanguage":"en-US","potentialAction":[{"@type":"ReadAction","target":["https:\/\/www.bohotels.fr\/en\/our-concept-and-services\/fitness-area\/"]}]},{"@type":"BreadcrumbList","@id":"https:\/\/www.bohotels.fr\/en\/our-concept-and-services\/fitness-area\/#breadcrumb","itemListElement":[{"@type":"ListItem","position":1,"name":"Home","item":"https:\/\/www.bohotels.fr\/en\/"},{"@type":"ListItem","position":2,"name":"Our concept and services","item":"https:\/\/www.bohotels.fr\/en\/our-concept-and-services\/"},{"@type":"ListItem","position":3,"name":"Fitness area"}]},{"@type":"WebSite","@id":"https:\/\/www.bohotels.fr\/en\/#website","url":"https:\/\/www.bohotels.fr\/en\/","name":"B\u00f4 H\u00f4tels","description":"","potentialAction":[{"@type":"SearchAction","target":{"@type":"EntryPoint","urlTemplate":"https:\/\/www.bohotels.fr\/en\/?s={search_term_string}"},"query-input":{"@type":"PropertyValueSpecification","valueRequired":true,"valueName":"search_term_string"}}],"inLanguage":"en-US"}]}},"acf":[],"_links":{"self":[{"href":"https:\/\/www.bohotels.fr\/en\/wp-json\/wp\/v2\/pages\/197","targetHints":{"allow":["GET"]}}],"collection":[{"href":"https:\/\/www.bohotels.fr\/en\/wp-json\/wp\/v2\/pages"}],"about":[{"href":"https:\/\/www.bohotels.fr\/en\/wp-json\/wp\/v2\/types\/page"}],"author":[{"embeddable":true,"href":"https:\/\/www.bohotels.fr\/en\/wp-json\/wp\/v2\/users\/27"}],"replies":[{"embeddable":true,"href":"https:\/\/www.bohotels.fr\/en\/wp-json\/wp\/v2\/comments?post=197"}],"version-history":[{"count":0,"href":"https:\/\/www.bohotels.fr\/en\/wp-json\/wp\/v2\/pages\/197\/revisions"}],"up":[{"embeddable":true,"href":"https:\/\/www.bohotels.fr\/en\/wp-json\/wp\/v2\/pages\/186"}],"wp:attachment":[{"href":"https:\/\/www.bohotels.fr\/en\/wp-json\/wp\/v2\/media?parent=197"}],"curies":[{"name":"wp","href":"https:\/\/api.w.org\/{rel}","templated":true}]}}