{"id":204,"date":"2024-04-30T12:26:07","date_gmt":"2024-04-30T12:26:07","guid":{"rendered":"https:\/\/bo-hotels.ms2.decms.eu\/our-concept-and-services\/nos-equipes\/"},"modified":"2024-11-18T15:44:42","modified_gmt":"2024-11-18T15:44:42","slug":"our-team","status":"publish","type":"page","link":"https:\/\/www.bohotels.fr\/en\/our-concept-and-services\/our-team\/","title":{"rendered":"Our team"},"content":{"rendered":"<p style=\"text-align: center;\"><span data-sheets-root=\"1\">Our team at B\u00f4 H\u00f4tels Ambronay is made up of enthusiasts and experts in the hotel, tourism and hospitality industries. To design the hotel that will soon be yours, we started from scratch. <\/span><\/p>\n<p style=\"text-align: center;\"><span data-sheets-root=\"1\">The B\u00f4 H\u00f4tel Ambronay is a subtle blend of our personal visions and skills of the traditional hotel industry: the one that makes us dream and that seems timeless to us, and the hotel industry of tomorrow: the one that adapts and models itself to your needs. Here are some of the questions that plagued our nights: Which products should we ban from our offer for reasons of eco-responsibility, without damaging your comfort? Which local furniture designer respects both our values and current tastes and colours? Which hotel software can put your customer experience at the heart of what we do? How fragile should your hotel be? What top-of-the-range beauty products should you make available that comply with the Green Key environmental charter? <\/span><\/p>\n<p style=\"text-align: center;\"><span data-sheets-root=\"1\">It is in this tumult of questions and excitement that our entire team is today honoured to welcome you to your new home: the B\u00f4 H\u00f4tels Ambronay. <\/span><\/p>\n","protected":false},"excerpt":{"rendered":"<p>Our team at B\u00f4 H\u00f4tels Ambronay is made up of enthusiasts and experts in the hotel, tourism and hospitality industries. To design the hotel that will soon be yours, we started from scratch. The B\u00f4 H\u00f4tel Ambronay is a subtle blend of our personal visions and skills of the traditional hotel industry: the one that [&hellip;]<\/p>\n","protected":false},"author":27,"featured_media":0,"parent":186,"menu_order":0,"comment_status":"closed","ping_status":"closed","template":"template-single-service.php","meta":{"footnotes":""},"class_list":["post-204","page","type-page","status-publish","hentry"],"yoast_head":"<!-- This site is optimized with the Yoast SEO plugin v27.3 - https:\/\/yoast.com\/product\/yoast-seo-wordpress\/ -->\n<title>B\u00f4 H\u00f4tels Ambronay<\/title>\n<meta name=\"description\" content=\"The B\u00f4 H\u00f4tels Ambronay team and staff\" \/>\n<meta name=\"robots\" content=\"index, follow, max-snippet:-1, max-image-preview:large, max-video-preview:-1\" \/>\n<link rel=\"canonical\" href=\"https:\/\/www.bohotels.fr\/en\/our-concept-and-services\/our-team\/\" \/>\n<meta property=\"og:locale\" content=\"en_US\" \/>\n<meta property=\"og:type\" content=\"article\" \/>\n<meta property=\"og:title\" content=\"B\u00f4 H\u00f4tels Ambronay\" \/>\n<meta property=\"og:description\" content=\"The B\u00f4 H\u00f4tels Ambronay team and staff\" \/>\n<meta property=\"og:url\" content=\"https:\/\/www.bohotels.fr\/en\/our-concept-and-services\/our-team\/\" \/>\n<meta property=\"og:site_name\" content=\"B\u00f4 H\u00f4tels\" \/>\n<meta property=\"article:modified_time\" content=\"2024-11-18T15:44:42+00:00\" \/>\n<meta name=\"twitter:card\" content=\"summary_large_image\" \/>\n<meta name=\"twitter:label1\" content=\"Est. reading time\" \/>\n\t<meta name=\"twitter:data1\" content=\"1 minute\" \/>\n<script type=\"application\/ld+json\" class=\"yoast-schema-graph\">{\"@context\":\"https:\\\/\\\/schema.org\",\"@graph\":[{\"@type\":\"WebPage\",\"@id\":\"https:\\\/\\\/www.bohotels.fr\\\/en\\\/our-concept-and-services\\\/our-team\\\/\",\"url\":\"https:\\\/\\\/www.bohotels.fr\\\/en\\\/our-concept-and-services\\\/our-team\\\/\",\"name\":\"B\u00f4 H\u00f4tels Ambronay\",\"isPartOf\":{\"@id\":\"https:\\\/\\\/www.bohotels.fr\\\/en\\\/#website\"},\"datePublished\":\"2024-04-30T12:26:07+00:00\",\"dateModified\":\"2024-11-18T15:44:42+00:00\",\"description\":\"The B\u00f4 H\u00f4tels Ambronay team and staff\",\"breadcrumb\":{\"@id\":\"https:\\\/\\\/www.bohotels.fr\\\/en\\\/our-concept-and-services\\\/our-team\\\/#breadcrumb\"},\"inLanguage\":\"en-US\",\"potentialAction\":[{\"@type\":\"ReadAction\",\"target\":[\"https:\\\/\\\/www.bohotels.fr\\\/en\\\/our-concept-and-services\\\/our-team\\\/\"]}]},{\"@type\":\"BreadcrumbList\",\"@id\":\"https:\\\/\\\/www.bohotels.fr\\\/en\\\/our-concept-and-services\\\/our-team\\\/#breadcrumb\",\"itemListElement\":[{\"@type\":\"ListItem\",\"position\":1,\"name\":\"Home\",\"item\":\"https:\\\/\\\/www.bohotels.fr\\\/en\\\/\"},{\"@type\":\"ListItem\",\"position\":2,\"name\":\"Our concept and services\",\"item\":\"https:\\\/\\\/www.bohotels.fr\\\/en\\\/our-concept-and-services\\\/\"},{\"@type\":\"ListItem\",\"position\":3,\"name\":\"Our team\"}]},{\"@type\":\"WebSite\",\"@id\":\"https:\\\/\\\/www.bohotels.fr\\\/en\\\/#website\",\"url\":\"https:\\\/\\\/www.bohotels.fr\\\/en\\\/\",\"name\":\"B\u00f4 H\u00f4tels\",\"description\":\"\",\"potentialAction\":[{\"@type\":\"SearchAction\",\"target\":{\"@type\":\"EntryPoint\",\"urlTemplate\":\"https:\\\/\\\/www.bohotels.fr\\\/en\\\/?s={search_term_string}\"},\"query-input\":{\"@type\":\"PropertyValueSpecification\",\"valueRequired\":true,\"valueName\":\"search_term_string\"}}],\"inLanguage\":\"en-US\"}]}<\/script>\n<!-- \/ Yoast SEO plugin. -->","yoast_head_json":{"title":"B\u00f4 H\u00f4tels Ambronay","description":"The B\u00f4 H\u00f4tels Ambronay team and staff","robots":{"index":"index","follow":"follow","max-snippet":"max-snippet:-1","max-image-preview":"max-image-preview:large","max-video-preview":"max-video-preview:-1"},"canonical":"https:\/\/www.bohotels.fr\/en\/our-concept-and-services\/our-team\/","og_locale":"en_US","og_type":"article","og_title":"B\u00f4 H\u00f4tels Ambronay","og_description":"The B\u00f4 H\u00f4tels Ambronay team and staff","og_url":"https:\/\/www.bohotels.fr\/en\/our-concept-and-services\/our-team\/","og_site_name":"B\u00f4 H\u00f4tels","article_modified_time":"2024-11-18T15:44:42+00:00","twitter_card":"summary_large_image","twitter_misc":{"Est. reading time":"1 minute"},"schema":{"@context":"https:\/\/schema.org","@graph":[{"@type":"WebPage","@id":"https:\/\/www.bohotels.fr\/en\/our-concept-and-services\/our-team\/","url":"https:\/\/www.bohotels.fr\/en\/our-concept-and-services\/our-team\/","name":"B\u00f4 H\u00f4tels Ambronay","isPartOf":{"@id":"https:\/\/www.bohotels.fr\/en\/#website"},"datePublished":"2024-04-30T12:26:07+00:00","dateModified":"2024-11-18T15:44:42+00:00","description":"The B\u00f4 H\u00f4tels Ambronay team and staff","breadcrumb":{"@id":"https:\/\/www.bohotels.fr\/en\/our-concept-and-services\/our-team\/#breadcrumb"},"inLanguage":"en-US","potentialAction":[{"@type":"ReadAction","target":["https:\/\/www.bohotels.fr\/en\/our-concept-and-services\/our-team\/"]}]},{"@type":"BreadcrumbList","@id":"https:\/\/www.bohotels.fr\/en\/our-concept-and-services\/our-team\/#breadcrumb","itemListElement":[{"@type":"ListItem","position":1,"name":"Home","item":"https:\/\/www.bohotels.fr\/en\/"},{"@type":"ListItem","position":2,"name":"Our concept and services","item":"https:\/\/www.bohotels.fr\/en\/our-concept-and-services\/"},{"@type":"ListItem","position":3,"name":"Our team"}]},{"@type":"WebSite","@id":"https:\/\/www.bohotels.fr\/en\/#website","url":"https:\/\/www.bohotels.fr\/en\/","name":"B\u00f4 H\u00f4tels","description":"","potentialAction":[{"@type":"SearchAction","target":{"@type":"EntryPoint","urlTemplate":"https:\/\/www.bohotels.fr\/en\/?s={search_term_string}"},"query-input":{"@type":"PropertyValueSpecification","valueRequired":true,"valueName":"search_term_string"}}],"inLanguage":"en-US"}]}},"acf":[],"_links":{"self":[{"href":"https:\/\/www.bohotels.fr\/en\/wp-json\/wp\/v2\/pages\/204","targetHints":{"allow":["GET"]}}],"collection":[{"href":"https:\/\/www.bohotels.fr\/en\/wp-json\/wp\/v2\/pages"}],"about":[{"href":"https:\/\/www.bohotels.fr\/en\/wp-json\/wp\/v2\/types\/page"}],"author":[{"embeddable":true,"href":"https:\/\/www.bohotels.fr\/en\/wp-json\/wp\/v2\/users\/27"}],"replies":[{"embeddable":true,"href":"https:\/\/www.bohotels.fr\/en\/wp-json\/wp\/v2\/comments?post=204"}],"version-history":[{"count":0,"href":"https:\/\/www.bohotels.fr\/en\/wp-json\/wp\/v2\/pages\/204\/revisions"}],"up":[{"embeddable":true,"href":"https:\/\/www.bohotels.fr\/en\/wp-json\/wp\/v2\/pages\/186"}],"wp:attachment":[{"href":"https:\/\/www.bohotels.fr\/en\/wp-json\/wp\/v2\/media?parent=204"}],"curies":[{"name":"wp","href":"https:\/\/api.w.org\/{rel}","templated":true}]}}