{"id":208,"date":"2024-06-05T12:28:10","date_gmt":"2024-06-05T12:28:10","guid":{"rendered":"https:\/\/bo-hotels.ms2.decms.eu\/localisation\/"},"modified":"2024-06-21T13:24:50","modified_gmt":"2024-06-21T13:24:50","slug":"localisation","status":"publish","type":"page","link":"https:\/\/www.bohotels.fr\/en\/localisation\/","title":{"rendered":"Ambronay dans l&#8217;Ain"},"content":{"rendered":"<p style=\"text-align: center;\"><span data-sheets-root=\"1\">For your leisure breaks: Nestled in the heart of the Ain department, Ambronay is a bucolic gem with authentic charm and unspoilt natural surroundings. Surrounded by green hills and rolling fields, Ambronay is a haven of tranquility. Hiking trails wind through bucolic landscapes, offering breathtaking views of the Bugey mountains. <\/span><\/p>\n<p style=\"text-align: center;\"><span data-sheets-root=\"1\">For your business stays: B\u00f4 H\u00f4tels Ambronay is located just a few kilometers from the Plaine de l&#8217;Ain industrial zone (PIPA), the A42 motorway exit leading directly to Lyon, and around twenty minutes from Bourg en Bresse. An ideal location, offering you a perfect balance between the peace and quiet of the countryside and easy access to all your business appointments in the Saint Vulbas, Amb\u00e9rieu, Bourg en Bresse and East Lyon areas.<\/span><\/p>\n","protected":false},"excerpt":{"rendered":"<p>For your leisure breaks: Nestled in the heart of the Ain department, Ambronay is a bucolic gem with authentic charm and unspoilt natural surroundings. Surrounded by green hills and rolling fields, Ambronay is a haven of tranquility. Hiking trails wind through bucolic landscapes, offering breathtaking views of the Bugey mountains. For your business stays: B\u00f4 [&hellip;]<\/p>\n","protected":false},"author":27,"featured_media":0,"parent":0,"menu_order":0,"comment_status":"closed","ping_status":"closed","template":"template-location.php","meta":{"footnotes":""},"class_list":["post-208","page","type-page","status-publish","hentry"],"yoast_head":"<!-- This site is optimized with the Yoast SEO plugin v27.3 - https:\/\/yoast.com\/product\/yoast-seo-wordpress\/ -->\n<title>B\u00f4 H\u00f4tels Ambronay<\/title>\n<meta name=\"description\" content=\"Location amb\u00e9rieu, saint vulbas, bourg en bresse, hauteville\" \/>\n<meta name=\"robots\" content=\"index, follow, max-snippet:-1, max-image-preview:large, max-video-preview:-1\" \/>\n<link rel=\"canonical\" href=\"https:\/\/www.bohotels.fr\/en\/localisation\/\" \/>\n<meta property=\"og:locale\" content=\"en_US\" \/>\n<meta property=\"og:type\" content=\"article\" \/>\n<meta property=\"og:title\" content=\"B\u00f4 H\u00f4tels Ambronay\" \/>\n<meta property=\"og:description\" content=\"Location amb\u00e9rieu, saint vulbas, bourg en bresse, hauteville\" \/>\n<meta property=\"og:url\" content=\"https:\/\/www.bohotels.fr\/en\/localisation\/\" \/>\n<meta property=\"og:site_name\" content=\"B\u00f4 H\u00f4tels\" \/>\n<meta property=\"article:modified_time\" content=\"2024-06-21T13:24:50+00:00\" \/>\n<meta name=\"twitter:card\" content=\"summary_large_image\" \/>\n<meta name=\"twitter:label1\" content=\"Est. reading time\" \/>\n\t<meta name=\"twitter:data1\" content=\"1 minute\" \/>\n<script type=\"application\/ld+json\" class=\"yoast-schema-graph\">{\"@context\":\"https:\\\/\\\/schema.org\",\"@graph\":[{\"@type\":\"WebPage\",\"@id\":\"https:\\\/\\\/www.bohotels.fr\\\/en\\\/localisation\\\/\",\"url\":\"https:\\\/\\\/www.bohotels.fr\\\/en\\\/localisation\\\/\",\"name\":\"B\u00f4 H\u00f4tels Ambronay\",\"isPartOf\":{\"@id\":\"https:\\\/\\\/www.bohotels.fr\\\/en\\\/#website\"},\"datePublished\":\"2024-06-05T12:28:10+00:00\",\"dateModified\":\"2024-06-21T13:24:50+00:00\",\"description\":\"Location amb\u00e9rieu, saint vulbas, bourg en bresse, hauteville\",\"breadcrumb\":{\"@id\":\"https:\\\/\\\/www.bohotels.fr\\\/en\\\/localisation\\\/#breadcrumb\"},\"inLanguage\":\"en-US\",\"potentialAction\":[{\"@type\":\"ReadAction\",\"target\":[\"https:\\\/\\\/www.bohotels.fr\\\/en\\\/localisation\\\/\"]}]},{\"@type\":\"BreadcrumbList\",\"@id\":\"https:\\\/\\\/www.bohotels.fr\\\/en\\\/localisation\\\/#breadcrumb\",\"itemListElement\":[{\"@type\":\"ListItem\",\"position\":1,\"name\":\"Home\",\"item\":\"https:\\\/\\\/www.bohotels.fr\\\/en\\\/\"},{\"@type\":\"ListItem\",\"position\":2,\"name\":\"Ambronay dans l&#8217;Ain\"}]},{\"@type\":\"WebSite\",\"@id\":\"https:\\\/\\\/www.bohotels.fr\\\/en\\\/#website\",\"url\":\"https:\\\/\\\/www.bohotels.fr\\\/en\\\/\",\"name\":\"B\u00f4 H\u00f4tels\",\"description\":\"\",\"potentialAction\":[{\"@type\":\"SearchAction\",\"target\":{\"@type\":\"EntryPoint\",\"urlTemplate\":\"https:\\\/\\\/www.bohotels.fr\\\/en\\\/?s={search_term_string}\"},\"query-input\":{\"@type\":\"PropertyValueSpecification\",\"valueRequired\":true,\"valueName\":\"search_term_string\"}}],\"inLanguage\":\"en-US\"}]}<\/script>\n<!-- \/ Yoast SEO plugin. -->","yoast_head_json":{"title":"B\u00f4 H\u00f4tels Ambronay","description":"Location amb\u00e9rieu, saint vulbas, bourg en bresse, hauteville","robots":{"index":"index","follow":"follow","max-snippet":"max-snippet:-1","max-image-preview":"max-image-preview:large","max-video-preview":"max-video-preview:-1"},"canonical":"https:\/\/www.bohotels.fr\/en\/localisation\/","og_locale":"en_US","og_type":"article","og_title":"B\u00f4 H\u00f4tels Ambronay","og_description":"Location amb\u00e9rieu, saint vulbas, bourg en bresse, hauteville","og_url":"https:\/\/www.bohotels.fr\/en\/localisation\/","og_site_name":"B\u00f4 H\u00f4tels","article_modified_time":"2024-06-21T13:24:50+00:00","twitter_card":"summary_large_image","twitter_misc":{"Est. reading time":"1 minute"},"schema":{"@context":"https:\/\/schema.org","@graph":[{"@type":"WebPage","@id":"https:\/\/www.bohotels.fr\/en\/localisation\/","url":"https:\/\/www.bohotels.fr\/en\/localisation\/","name":"B\u00f4 H\u00f4tels Ambronay","isPartOf":{"@id":"https:\/\/www.bohotels.fr\/en\/#website"},"datePublished":"2024-06-05T12:28:10+00:00","dateModified":"2024-06-21T13:24:50+00:00","description":"Location amb\u00e9rieu, saint vulbas, bourg en bresse, hauteville","breadcrumb":{"@id":"https:\/\/www.bohotels.fr\/en\/localisation\/#breadcrumb"},"inLanguage":"en-US","potentialAction":[{"@type":"ReadAction","target":["https:\/\/www.bohotels.fr\/en\/localisation\/"]}]},{"@type":"BreadcrumbList","@id":"https:\/\/www.bohotels.fr\/en\/localisation\/#breadcrumb","itemListElement":[{"@type":"ListItem","position":1,"name":"Home","item":"https:\/\/www.bohotels.fr\/en\/"},{"@type":"ListItem","position":2,"name":"Ambronay dans l&#8217;Ain"}]},{"@type":"WebSite","@id":"https:\/\/www.bohotels.fr\/en\/#website","url":"https:\/\/www.bohotels.fr\/en\/","name":"B\u00f4 H\u00f4tels","description":"","potentialAction":[{"@type":"SearchAction","target":{"@type":"EntryPoint","urlTemplate":"https:\/\/www.bohotels.fr\/en\/?s={search_term_string}"},"query-input":{"@type":"PropertyValueSpecification","valueRequired":true,"valueName":"search_term_string"}}],"inLanguage":"en-US"}]}},"acf":[],"_links":{"self":[{"href":"https:\/\/www.bohotels.fr\/en\/wp-json\/wp\/v2\/pages\/208","targetHints":{"allow":["GET"]}}],"collection":[{"href":"https:\/\/www.bohotels.fr\/en\/wp-json\/wp\/v2\/pages"}],"about":[{"href":"https:\/\/www.bohotels.fr\/en\/wp-json\/wp\/v2\/types\/page"}],"author":[{"embeddable":true,"href":"https:\/\/www.bohotels.fr\/en\/wp-json\/wp\/v2\/users\/27"}],"replies":[{"embeddable":true,"href":"https:\/\/www.bohotels.fr\/en\/wp-json\/wp\/v2\/comments?post=208"}],"version-history":[{"count":0,"href":"https:\/\/www.bohotels.fr\/en\/wp-json\/wp\/v2\/pages\/208\/revisions"}],"wp:attachment":[{"href":"https:\/\/www.bohotels.fr\/en\/wp-json\/wp\/v2\/media?parent=208"}],"curies":[{"name":"wp","href":"https:\/\/api.w.org\/{rel}","templated":true}]}}